{"id":73,"date":"2018-10-23T08:32:35","date_gmt":"2018-10-23T08:32:35","guid":{"rendered":"https:\/\/futuriodemos.com\/default-demo\/?page_id=72"},"modified":"2024-12-26T21:18:20","modified_gmt":"2024-12-26T20:18:20","slug":"kontakt","status":"publish","type":"page","link":"https:\/\/lysgris.dk\/?page_id=73","title":{"rendered":"Kontakt"},"content":{"rendered":"\t\t<div data-elementor-type=\"wp-post\" data-elementor-id=\"73\" class=\"elementor elementor-73\">\n\t\t\t\t\t\t<section class=\"elementor-section elementor-top-section elementor-element elementor-element-3bdcd83 elementor-section-content-middle elementor-section-boxed elementor-section-height-default elementor-section-height-default\" data-id=\"3bdcd83\" data-element_type=\"section\" data-e-type=\"section\" data-settings=\"{&quot;background_background&quot;:&quot;classic&quot;}\">\n\t\t\t\t\t\t<div class=\"elementor-container elementor-column-gap-default\">\n\t\t\t\t\t<div class=\"elementor-column elementor-col-100 elementor-top-column elementor-element elementor-element-8608b87\" data-id=\"8608b87\" data-element_type=\"column\" data-e-type=\"column\">\n\t\t\t<div class=\"elementor-widget-wrap elementor-element-populated\">\n\t\t\t\t\t\t<section class=\"elementor-section elementor-inner-section elementor-element elementor-element-71341d9 elementor-section-boxed elementor-section-height-default elementor-section-height-default\" data-id=\"71341d9\" data-element_type=\"section\" data-e-type=\"section\">\n\t\t\t\t\t\t<div class=\"elementor-container elementor-column-gap-default\">\n\t\t\t\t\t<div class=\"elementor-column elementor-col-100 elementor-inner-column elementor-element elementor-element-a549f6a\" data-id=\"a549f6a\" data-element_type=\"column\" data-e-type=\"column\">\n\t\t\t<div class=\"elementor-widget-wrap elementor-element-populated\">\n\t\t\t\t\t\t<div class=\"elementor-element elementor-element-96797e8 text-left elementor-widget elementor-widget-advanced-text-block\" data-id=\"96797e8\" data-element_type=\"widget\" data-e-type=\"widget\" data-widget_type=\"advanced-text-block.default\">\n\t\t\t\t<div class=\"elementor-widget-container\">\n\t\t\t\t\t<div class=\"futurio_extra_adv_text_block \" ><h2 class=\"text-content-block\"><h2 class=\"text-content-block\">Kontakt Lysgris.dk<\/h2><\/div><\/h2>\t\t\t\t<\/div>\n\t\t\t\t<\/div>\n\t\t\t\t<div class=\"elementor-element elementor-element-06a14e6 elementor-widget elementor-widget-advanced-text-block\" data-id=\"06a14e6\" data-element_type=\"widget\" data-e-type=\"widget\" data-widget_type=\"advanced-text-block.default\">\n\t\t\t\t<div class=\"elementor-widget-container\">\n\t\t\t\t\t<div class=\"futurio_extra_adv_text_block \" ><div class=\"text-content-block\"><div class=\"elementor-element elementor-element-dec186d elementor-widget elementor-widget-advanced-text-block\" data-id=\"dec186d\" data-element_type=\"widget\" data-widget_type=\"advanced-text-block.default\"><p><img fetchpriority=\"high\" decoding=\"async\" class=\"alignnone size-medium wp-image-269 alignright\" src=\"https:\/\/lysgris.dk\/wp-content\/uploads\/2024\/12\/57558633_10218274335467581_5858501104467181568_n-300x297.jpg\" alt=\"\" width=\"300\" height=\"297\" srcset=\"https:\/\/lysgris.dk\/wp-content\/uploads\/2024\/12\/57558633_10218274335467581_5858501104467181568_n-300x297.jpg 300w, https:\/\/lysgris.dk\/wp-content\/uploads\/2024\/12\/57558633_10218274335467581_5858501104467181568_n-150x150.jpg 150w, https:\/\/lysgris.dk\/wp-content\/uploads\/2024\/12\/57558633_10218274335467581_5858501104467181568_n.jpg 728w\" sizes=\"(max-width: 300px) 100vw, 300px\" \/><\/p><div class=\"elementor-widget-container\" style=\"text-align: right\"><div class=\"futurio_extra_adv_text_block \"><div class=\"text-content-block\"><p style=\"text-align: left\">Lysgris.dk<br \/>Ringstedvej 15c<br \/>4180 Sor\u00f8<br \/>Mobil: 31 16 04 99<br \/>Email: <a href=\"mailto:info@lysgris.dk\">info@lysgris.dk<\/a><\/p><p>Booking af Komplet Mobil Diskotek til din fest, Kontakt Andr\u00e9 p\u00e5 ovenst\u00e5ende kontakt muligheder.<\/p><\/div><\/div><\/div><\/div><\/div><\/div>\t\t\t\t<\/div>\n\t\t\t\t<\/div>\n\t\t\t\t\t<\/div>\n\t\t<\/div>\n\t\t\t\t\t<\/div>\n\t\t<\/section>\n\t\t\t\t<div class=\"elementor-element elementor-element-4cacd1b elementor-widget elementor-widget-spacer\" data-id=\"4cacd1b\" data-element_type=\"widget\" data-e-type=\"widget\" data-widget_type=\"spacer.default\">\n\t\t\t\t<div class=\"elementor-widget-container\">\n\t\t\t\t\t\t\t<div class=\"elementor-spacer\">\n\t\t\t<div class=\"elementor-spacer-inner\"><\/div>\n\t\t<\/div>\n\t\t\t\t\t\t<\/div>\n\t\t\t\t<\/div>\n\t\t\t\t<div class=\"elementor-element elementor-element-d6861f0 elementor-widget elementor-widget-spacer\" data-id=\"d6861f0\" data-element_type=\"widget\" data-e-type=\"widget\" data-widget_type=\"spacer.default\">\n\t\t\t\t<div class=\"elementor-widget-container\">\n\t\t\t\t\t\t\t<div class=\"elementor-spacer\">\n\t\t\t<div class=\"elementor-spacer-inner\"><\/div>\n\t\t<\/div>\n\t\t\t\t\t\t<\/div>\n\t\t\t\t<\/div>\n\t\t\t\t\t<\/div>\n\t\t<\/div>\n\t\t\t\t\t<\/div>\n\t\t<\/section>\n\t\t\t\t<\/div>\n\t\t","protected":false},"excerpt":{"rendered":"<p>Kontakt Lysgris.dk Lysgris.dkRingstedvej 15c4180 Sor\u00f8Mobil: 31 16 04 99Email: info@lysgris.dk Booking af Komplet Mobil Diskotek til din fest, Kontakt Andr\u00e9 p\u00e5 ovenst\u00e5ende kontakt muligheder.<\/p>\n","protected":false},"author":1,"featured_media":0,"parent":0,"menu_order":0,"comment_status":"closed","ping_status":"closed","template":"","meta":{"footnotes":""},"class_list":["post-73","page","type-page","status-publish","hentry"],"_links":{"self":[{"href":"https:\/\/lysgris.dk\/index.php?rest_route=\/wp\/v2\/pages\/73","targetHints":{"allow":["GET"]}}],"collection":[{"href":"https:\/\/lysgris.dk\/index.php?rest_route=\/wp\/v2\/pages"}],"about":[{"href":"https:\/\/lysgris.dk\/index.php?rest_route=\/wp\/v2\/types\/page"}],"author":[{"embeddable":true,"href":"https:\/\/lysgris.dk\/index.php?rest_route=\/wp\/v2\/users\/1"}],"replies":[{"embeddable":true,"href":"https:\/\/lysgris.dk\/index.php?rest_route=%2Fwp%2Fv2%2Fcomments&post=73"}],"version-history":[{"count":13,"href":"https:\/\/lysgris.dk\/index.php?rest_route=\/wp\/v2\/pages\/73\/revisions"}],"predecessor-version":[{"id":422,"href":"https:\/\/lysgris.dk\/index.php?rest_route=\/wp\/v2\/pages\/73\/revisions\/422"}],"wp:attachment":[{"href":"https:\/\/lysgris.dk\/index.php?rest_route=%2Fwp%2Fv2%2Fmedia&parent=73"}],"curies":[{"name":"wp","href":"https:\/\/api.w.org\/{rel}","templated":true}]}}