{"id":430,"date":"2024-12-26T21:25:18","date_gmt":"2024-12-26T20:25:18","guid":{"rendered":"https:\/\/lysgris.dk\/?page_id=430"},"modified":"2024-12-26T21:30:45","modified_gmt":"2024-12-26T20:30:45","slug":"referencer","status":"publish","type":"page","link":"https:\/\/lysgris.dk\/?page_id=430","title":{"rendered":"Referencer"},"content":{"rendered":"\t\t<div data-elementor-type=\"wp-post\" data-elementor-id=\"430\" class=\"elementor elementor-430\">\n\t\t\t\t\t\t<section class=\"elementor-section elementor-top-section elementor-element elementor-element-3bdcd83 elementor-section-content-middle elementor-section-boxed elementor-section-height-default elementor-section-height-default\" data-id=\"3bdcd83\" data-element_type=\"section\" data-e-type=\"section\" data-settings=\"{&quot;background_background&quot;:&quot;classic&quot;}\">\n\t\t\t\t\t\t<div class=\"elementor-container elementor-column-gap-default\">\n\t\t\t\t\t<div class=\"elementor-column elementor-col-100 elementor-top-column elementor-element elementor-element-8608b87\" data-id=\"8608b87\" data-element_type=\"column\" data-e-type=\"column\">\n\t\t\t<div class=\"elementor-widget-wrap elementor-element-populated\">\n\t\t\t\t\t\t<section class=\"elementor-section elementor-inner-section elementor-element elementor-element-71341d9 elementor-section-boxed elementor-section-height-default elementor-section-height-default\" data-id=\"71341d9\" data-element_type=\"section\" data-e-type=\"section\">\n\t\t\t\t\t\t<div class=\"elementor-container elementor-column-gap-default\">\n\t\t\t\t\t<div class=\"elementor-column elementor-col-100 elementor-inner-column elementor-element elementor-element-a549f6a\" data-id=\"a549f6a\" data-element_type=\"column\" data-e-type=\"column\">\n\t\t\t<div class=\"elementor-widget-wrap elementor-element-populated\">\n\t\t\t\t\t\t<div class=\"elementor-element elementor-element-96797e8 text-left elementor-widget elementor-widget-advanced-text-block\" data-id=\"96797e8\" data-element_type=\"widget\" data-e-type=\"widget\" data-widget_type=\"advanced-text-block.default\">\n\t\t\t\t<div class=\"elementor-widget-container\">\n\t\t\t\t\t<div class=\"futurio_extra_adv_text_block \" ><h2 class=\"text-content-block\"><h2 class=\"text-content-block\">Referencer<\/h2><\/div><\/h2>\t\t\t\t<\/div>\n\t\t\t\t<\/div>\n\t\t\t\t<div class=\"elementor-element elementor-element-06a14e6 elementor-widget elementor-widget-advanced-text-block\" data-id=\"06a14e6\" data-element_type=\"widget\" data-e-type=\"widget\" data-widget_type=\"advanced-text-block.default\">\n\t\t\t\t<div class=\"elementor-widget-container\">\n\t\t\t\t\t<div class=\"futurio_extra_adv_text_block \" ><div class=\"text-content-block\"><div class=\"elementor-element elementor-element-dec186d elementor-widget elementor-widget-advanced-text-block\" data-id=\"dec186d\" data-element_type=\"widget\" data-widget_type=\"advanced-text-block.default\"><p style=\"text-align: left\">Hvor har Lysgris.dk spillet.?<\/p><div class=\"elementor-widget-container\" style=\"text-align: right\"><div class=\"futurio_extra_adv_text_block \"><div class=\"text-content-block\"><p style=\"text-align: left\">Udover en masse private lokationer, har Lysgris.dk spillet p\u00e5 nedenst\u00e5ende steder.<br \/>Lysgris.dk spiller gerne udenfor i telt \/ pavilloner m.m.<\/p><p style=\"text-align: left\">Hvorfor listes dette.? \u2013 Blot for at fort\u00e6lle Lysgris.dk har v\u00e6ret der f\u00f8r.<\/p><p style=\"text-align: left\"><strong>A:<\/strong><\/p><p style=\"text-align: left\">Asminder\u00f8d Kro Hotel, Asminder\u00f8dgade 53, 3480 Fredensborg<\/p><p style=\"text-align: left\"><strong>B:<\/strong><\/p><p style=\"text-align: left\">Ballerup Idr\u00e6tsby, Ballerup idr\u00e6tsby 38, 2750 Ballerup<br \/>Ballerup Herlev Produktionsh\u00f8jskole, Lautrupvej 6a, 2750 Ballerup<br \/>Beboerhuset (Ankershus), Tranehaven 23, 2605 Br\u00f8ndby<br \/>Beboerhuset AKB (Millestedet), Agerk\u00e6r 40, 2610 R\u00f8dovre<br \/>Beboerhuset\/festlokale Hindb\u00e6rvej, hindb\u00e6rvej 4200, Slagelse<br \/>Bilds\u00f8skov Feriekoloni, Dr\u00f8sselbjergvej 40a, 4200 Slagelse<br \/>Bisserup Forsamlingshus,Skafterupvej 184, 4243 Rude<br \/>Brom\u00f8lle kro, Slagelsevej 78, 4450 Jyderup<br \/>Br\u00f8ndby haveby, Afd. 3, 2605 Br\u00f8ndby<br \/>Bybjerggaard, Sundbylillevej 42, 3600 Frederikssund<\/p><p style=\"text-align: left\"><strong>C:<\/strong><\/p><p style=\"text-align: left\">Comwell K\u00f8ge, Strandvejen 111, 4600 K\u00f8ge<br \/>Comwell Roskilde, Vestre Kirkevej 12, 4000 Roskilde<br \/>Comwell Sor\u00f8, Abildvej 100, 4180 Sor\u00f8<\/p><p style=\"text-align: left\"><strong>D:<\/strong><\/p><p style=\"text-align: left\">Dalby Hotel, Vordingborvej 425, 4690 Haslev<br \/>Den Gyldne Hane, Chr. d. 4 vej nr 23, 6000 Kolding<br \/>DTU-VET Lyngby, Kemitorvet \u2013 Bygning 202, 2800 Kgs. Lyngby<\/p><p style=\"text-align: left\"><strong>E:<\/strong><br \/><strong>F:<\/strong><\/p><p style=\"text-align: left\">F352 Peder Skram, Elefanten, 1439 K\u00f8benhavn K<br \/>Festlokale Egevolden, Egevolden 158, 2650 Hvidovre<br \/>Festlokale Kildemarken, Kildemarken 39, 4100 Ringsted<br \/>Florentz Cafe &amp; Brasserie, Algade 13, 4000 Roskilde<br \/>F\u00e6lleshus afd.41, Ragnhildgade 46, 2100 K\u00f8benhavn \u00d8<\/p><p style=\"text-align: left\"><strong>G:<\/strong><\/p><p style=\"text-align: left\">Garderhusarkasernen Slagelse, Charlottedal All\u00e9 4, 4200 Slagelse<br \/>Glostrup Park Hotel, Hovedvejen 41, 2600 Glostrup<br \/>Greve Gymnasium (studentervogn), R\u00e5dhusholmen 12, 2670 Greve<br \/>Gr\u00e6s Bakkeby Festlokale, H\u00f8jvang 1, 3600 Frederikssund<br \/>Gungehusskolen, H\u00f8vedstensvej 35, 2650 Hvidovre<\/p><p style=\"text-align: left\"><strong>H:<\/strong><\/p><p style=\"text-align: left\">Hallelev Forsamlingshus, Hallelevvej 27, 4200 Slagelse<br \/>Herlev bokseklub, Dildhaven 38, 2730 Herlev<br \/>Herrup Kulturhus, Skolegade 19, 7830 Vinderup<br \/>Hotel Fjordkroen, B\u00e6kkeskov Str\u00e6de 23, 4733 Tappern\u00f8je<br \/>Hotel Krebsehuset, Ringstedvej 87, 4180 Sor\u00f8<br \/>Hotel Gitterly, Tingvej 2, 4690 Haslev<br \/>Hotel H\u00f8jby S\u00f8, Ellingebjergvej 1 4573 H\u00f8jby<br \/>Hotel Postgaarden Sor\u00f8, Storgade 25, 4180 Sor\u00f8<br \/>Hotel Postgaarden Sk\u00e6lsk\u00f8r, Strandgade 4, 4230 Sk\u00e6lsk\u00f8r<br \/>Humleorehus, Humleorevej 27, 4140 Borup<br \/>H\u00e6rens Officersskole, Roskildevej 28a, 2000 Frederiksberg<br \/>H\u00f8je Gladsaxe, Punkthuset, H\u00f8je Gladsaxetorv 2, A st, 2860 S\u00f8borg<br \/>H\u00f8jstrupg\u00e5rd, Ejler Jensens Vej 1, 3000 Helsing\u00f8r<\/p><p style=\"text-align: left\"><strong>I:<\/strong><\/p><p style=\"text-align: left\"><strong>J:<\/strong><br \/><strong>K:<\/strong><\/p><p style=\"text-align: left\">Klosterhavens Festlokaler, Ingemannsvej 40, 4180 Sor\u00f8<br \/>Kl\u00f8verhuset, Teglv\u00e6rksvej 11, 4200 Slagelse<br \/>Kolonien Stenkilde, Stenkildevej 4, 4793 Bog\u00f8<\/p><p style=\"text-align: left\"><strong>L:<\/strong><\/p><p style=\"text-align: left\">Lille Heddinge M\u00f8lle, R\u00f8dvigvej 54, 4673 R\u00f8dvig Stevns<br \/>Lille Valby Forsamlingshus, Slagstrupvej 34 4200 Slagelse<br \/>Lykkebjerg Bondeg\u00e5rdsferie(H\u00f8nsehuset), Jyderupvej 87, 4291 Ruds Vedby<br \/>Lynge Forsamlingshus, Topsh\u00f8jvej 2, 4180 Sor\u00f8<\/p><p style=\"text-align: left\"><strong>M:<\/strong><\/p><p style=\"text-align: left\">Menstrup Kro, Menstrup Bygade 29, 4700 N\u00e6stved<br \/>Munkeg\u00e5rden, Vejrupvej 2, 5464 Brenderup<br \/>M\u00f8n Friskole, Portnervej 5, Damsholte, 4780 Stege<\/p><p style=\"text-align: left\"><strong>N:<\/strong><\/p><p style=\"text-align: left\">Nimble Storage, AP M\u00f8llers Alle 9C, 2791 Drag\u00f8r<br \/>Nordic Park (Valhalla), Kirkevej 43, 3230 Gr\u00e6sted<br \/>Nordsj\u00e6llands konferencecenter, Gydevang 39, 3450 Liller\u00f8d<\/p><p style=\"text-align: left\"><strong>O:<\/strong><\/p><p style=\"text-align: left\">Odd Fellow G\u00e5rden, Jernbanegade 10, 4600 K\u00f8ge<br \/>Odd Fellow G\u00e5rden, Jernbanegade 3, 4700 N\u00e6stved<\/p><p style=\"text-align: left\"><strong>P:<\/strong><\/p><p style=\"text-align: left\">Pakhuset Bryggen, Njalsgade 21G, 2300 K\u00f8benhavn S<\/p><p style=\"text-align: left\"><strong>Q:<\/strong><br \/><strong>R:<\/strong><\/p><p style=\"text-align: left\">Reerslev Forsamlingshus, Tingstedvej 27, 2640 Hedehusene<br \/>Restaurant Herthadalen, Slangealleen 1, 4320 Lejre<br \/>Riders Club, Tybjergvej 14, 4160 Herlufmagle<br \/>Rostrup skole, Rostrup Skolevej 4, 9510 Arden<br \/>Rungstedgaard Hotel, Rungsted Strandvej 107, 2960 Rungsted Kyst<\/p><p style=\"text-align: left\"><strong>S:<\/strong><\/p><p style=\"text-align: left\">Scandic Front, Sankt Ann\u00e6 Pl. 21, 1250 K\u00f8benhavn K<br \/>Sct. Andreas kirke, Gothersgade 148, 1123 K\u00f8benhavn K<br \/>Selchausdal Gods, Selchausdalvej 6, 4291 Ruds-Vedby<br \/>Selskabslokalet Farmen, Magles\u00f8vej 89, 4340 T\u00f8ll\u00f8se<br \/>Selskabslokalet Figenvej N\u00e6stved, Figenvej 18, 4700 N\u00e6stved<br \/>Selskabslokalet Henriksg\u00e5rden, Vigerslev All\u00e9 169A, 2500 Valby<br \/>Selskabslokalet Rytterparken, Rytterparken 115, 2765 Sm\u00f8rum<br \/>Selskabslokalet Skovfogedv\u00e6nget, Skovfogedv\u00e6nget 20, 3300 Frederiksv\u00e6rk<br \/>Selskabslokalet Skovparken, Skovparken, 4600 K\u00f8ge<br \/>Selskabslokalet Slotsbakken, Slotsbakken 138, 2970 H\u00f8rsholm<br \/>Selskabslokalet Sneb\u00e6rhegnet, Sneb\u00e6rhegnet, 2670 Greve<br \/>Selskabslokalet Telev\u00e6nget, Kastrupvej 221, 2770 Kastrup<br \/>Selskabslokalet Vildtbaneg\u00e5rd Ish\u00f8j, Gildbrovej 10, 2635 Ish\u00f8j<br \/>Sengel\u00f8se Kro, Landsbygaden 18, 2630 T\u00e5strup<br \/>Skensved hallen (festlokale), H\u00f8jelsevej 1, 4623 Lille Skensved<br \/>Skjalm Hvide Hotel, Bygaden 1, 3550 Slangerup<br \/>Skoemagerkroen, Landevejen 4, 4060 Kirke S\u00e5by<br \/>Sk\u00e6vinge Kro (store sal), Jernbanevej 1,3320 Sk\u00e6vinge<br \/>Slagelse boldklub, Parkvej 41, 4200 Slagelse<br \/>Slaglille Bjernede Forsamlingshus, Bjernedevej 13, 4180 Sor\u00f8<br \/>Slotss\u00f8 pal\u00e6et, Helsing\u00f8rgade 51, 3400 Hiller\u00f8d<br \/>Sonnerupgaard Gods (1877-Laden), T\u00f8ll\u00f8sevej 53, 4330 Hvals\u00f8<br \/>Sonnerupgaard Gods (Hovedbygningen), T\u00f8ll\u00f8sevej 53, 4330 Hvals\u00f8<br \/>Sundby\u00f8ster anl\u00e6gget, Amagerbrogade 189, 2300 K\u00f8benhavn s<br \/>Sundhed og Tr\u00e6ning Slagelse, Gr\u00f8nningen 3, 4200 Slagelse<br \/>Sv\u00e6rdborg Festlokaler, Hasbjergvej 34, 4760 Vordingborg<br \/>S\u00f8ndertoftegaard, Toftevej 33, 3250 Gilleleje<br \/>S\u00f8rup Herregaard (Salen+Pavillon), S\u00f8rup Herregaard, S\u00f8rupvej 26, 4100 Ringsted<\/p><p style=\"text-align: left\"><strong>T:<\/strong><\/p><p style=\"text-align: left\">Tvindelstrup forsamlingshus, Tvindelstrupvej 68, 4100 Ringsted<br \/>T\u00e5rnbyparkens f\u00e6lleshus, T\u00e5rnbypark alle 24, 2770 Kastrup<\/p><p style=\"text-align: left\"><strong>U:<\/strong><\/p><p style=\"text-align: left\">Ulse forsamlingshus, Ulsevej 17, 4690 Haslev<\/p><p style=\"text-align: left\"><strong>V:<\/strong><\/p><p style=\"text-align: left\">Vega (lille), Enghavevej 40, 1674 K\u00f8benhavn V<br \/>Vestre F\u00e6ngsel (Personale hus), Vigerslev all\u00e9 1d, 2450 K\u00f8benhavn<br \/>Vestsj\u00e6llands Ungdomsklub, Tyvelse Huse 10, 4200 Slagelse<br \/>Vetterslev H\u00f8m Forsamlignshus, N\u00e6stvedvej 356, 4100 Ringsted<br \/>Vigersted Forsamlingshus, Vigersted Bygade 41, 4100 Ringsted<br \/>Vilcon Hotel &amp; Konferencegaard, Lorupvej 44, 4200 Slagelse<br \/>Villa Moltke(Danhostel Helsing\u00f8r), Nordre Strandvej 24, 3000 Helsing\u00f8r<br \/>V\u00e6rkerne Sor\u00f8, Frederiksvej 27, 4180 Sor\u00f8<\/p><p style=\"text-align: left\"><strong>X:<\/strong><br \/><strong>Y:<\/strong><\/p><p style=\"text-align: left\"><strong>\u00d8:<\/strong><\/p><p style=\"text-align: left\">\u00d8demark Gods, \u00d8demarksvej 3, 4190 Munke Bjergby<\/p><p style=\"text-align: left\"><strong>\u00c5:<\/strong><\/p><p style=\"text-align: left\">\u00c5rby forsamlingshus, Melbygade 2A, 4400 Kalundborg<\/p><p style=\"text-align: left\">\u00a0<\/p><\/div><\/div><\/div><\/div><\/div><\/div>\t\t\t\t<\/div>\n\t\t\t\t<\/div>\n\t\t\t\t\t<\/div>\n\t\t<\/div>\n\t\t\t\t\t<\/div>\n\t\t<\/section>\n\t\t\t\t<div class=\"elementor-element elementor-element-4cacd1b elementor-widget elementor-widget-spacer\" data-id=\"4cacd1b\" data-element_type=\"widget\" data-e-type=\"widget\" data-widget_type=\"spacer.default\">\n\t\t\t\t<div class=\"elementor-widget-container\">\n\t\t\t\t\t\t\t<div class=\"elementor-spacer\">\n\t\t\t<div class=\"elementor-spacer-inner\"><\/div>\n\t\t<\/div>\n\t\t\t\t\t\t<\/div>\n\t\t\t\t<\/div>\n\t\t\t\t<div class=\"elementor-element elementor-element-d6861f0 elementor-widget elementor-widget-spacer\" data-id=\"d6861f0\" data-element_type=\"widget\" data-e-type=\"widget\" data-widget_type=\"spacer.default\">\n\t\t\t\t<div class=\"elementor-widget-container\">\n\t\t\t\t\t\t\t<div class=\"elementor-spacer\">\n\t\t\t<div class=\"elementor-spacer-inner\"><\/div>\n\t\t<\/div>\n\t\t\t\t\t\t<\/div>\n\t\t\t\t<\/div>\n\t\t\t\t\t<\/div>\n\t\t<\/div>\n\t\t\t\t\t<\/div>\n\t\t<\/section>\n\t\t\t\t<\/div>\n\t\t","protected":false},"excerpt":{"rendered":"<p>Referencer Hvor har Lysgris.dk spillet.? Udover en masse private lokationer, har Lysgris.dk spillet p\u00e5 nedenst\u00e5ende steder.Lysgris.dk spiller gerne udenfor i telt \/ pavilloner m.m. Hvorfor listes dette.? \u2013 Blot for at fort\u00e6lle Lysgris.dk har v\u00e6ret der f\u00f8r. A: Asminder\u00f8d Kro Hotel, Asminder\u00f8dgade 53, 3480 Fredensborg B: Ballerup Idr\u00e6tsby, Ballerup idr\u00e6tsby 38, 2750 BallerupBallerup Herlev Produktionsh\u00f8jskole,&hellip;<\/p>\n","protected":false},"author":1,"featured_media":0,"parent":0,"menu_order":0,"comment_status":"closed","ping_status":"closed","template":"","meta":{"footnotes":""},"class_list":["post-430","page","type-page","status-publish","hentry"],"_links":{"self":[{"href":"https:\/\/lysgris.dk\/index.php?rest_route=\/wp\/v2\/pages\/430","targetHints":{"allow":["GET"]}}],"collection":[{"href":"https:\/\/lysgris.dk\/index.php?rest_route=\/wp\/v2\/pages"}],"about":[{"href":"https:\/\/lysgris.dk\/index.php?rest_route=\/wp\/v2\/types\/page"}],"author":[{"embeddable":true,"href":"https:\/\/lysgris.dk\/index.php?rest_route=\/wp\/v2\/users\/1"}],"replies":[{"embeddable":true,"href":"https:\/\/lysgris.dk\/index.php?rest_route=%2Fwp%2Fv2%2Fcomments&post=430"}],"version-history":[{"count":7,"href":"https:\/\/lysgris.dk\/index.php?rest_route=\/wp\/v2\/pages\/430\/revisions"}],"predecessor-version":[{"id":444,"href":"https:\/\/lysgris.dk\/index.php?rest_route=\/wp\/v2\/pages\/430\/revisions\/444"}],"wp:attachment":[{"href":"https:\/\/lysgris.dk\/index.php?rest_route=%2Fwp%2Fv2%2Fmedia&parent=430"}],"curies":[{"name":"wp","href":"https:\/\/api.w.org\/{rel}","templated":true}]}}