{"id":424,"date":"2024-12-26T21:23:24","date_gmt":"2024-12-26T20:23:24","guid":{"rendered":"https:\/\/lysgris.dk\/?page_id=424"},"modified":"2024-12-26T22:44:25","modified_gmt":"2024-12-26T21:44:25","slug":"om-lysgris-dk","status":"publish","type":"page","link":"https:\/\/lysgris.dk\/?page_id=424","title":{"rendered":"Om Lysgris.dk"},"content":{"rendered":"\t\t<div data-elementor-type=\"wp-post\" data-elementor-id=\"424\" class=\"elementor elementor-424\">\n\t\t\t\t\t\t<section class=\"elementor-section elementor-top-section elementor-element elementor-element-3bdcd83 elementor-section-content-middle elementor-section-boxed elementor-section-height-default elementor-section-height-default\" data-id=\"3bdcd83\" data-element_type=\"section\" data-e-type=\"section\" data-settings=\"{&quot;background_background&quot;:&quot;classic&quot;}\">\n\t\t\t\t\t\t<div class=\"elementor-container elementor-column-gap-default\">\n\t\t\t\t\t<div class=\"elementor-column elementor-col-100 elementor-top-column elementor-element elementor-element-8608b87\" data-id=\"8608b87\" data-element_type=\"column\" data-e-type=\"column\">\n\t\t\t<div class=\"elementor-widget-wrap elementor-element-populated\">\n\t\t\t\t\t\t<section class=\"elementor-section elementor-inner-section elementor-element elementor-element-71341d9 elementor-section-boxed elementor-section-height-default elementor-section-height-default\" data-id=\"71341d9\" data-element_type=\"section\" data-e-type=\"section\">\n\t\t\t\t\t\t<div class=\"elementor-container elementor-column-gap-default\">\n\t\t\t\t\t<div class=\"elementor-column elementor-col-100 elementor-inner-column elementor-element elementor-element-a549f6a\" data-id=\"a549f6a\" data-element_type=\"column\" data-e-type=\"column\">\n\t\t\t<div class=\"elementor-widget-wrap elementor-element-populated\">\n\t\t\t\t\t\t<div class=\"elementor-element elementor-element-96797e8 text-left elementor-widget elementor-widget-advanced-text-block\" data-id=\"96797e8\" data-element_type=\"widget\" data-e-type=\"widget\" data-widget_type=\"advanced-text-block.default\">\n\t\t\t\t<div class=\"elementor-widget-container\">\n\t\t\t\t\t<div class=\"futurio_extra_adv_text_block \" ><h2 class=\"text-content-block\"><h2 class=\"text-content-block\">Om Lysgris.dk<\/h2><\/div><\/h2>\t\t\t\t<\/div>\n\t\t\t\t<\/div>\n\t\t\t\t<div class=\"elementor-element elementor-element-06a14e6 elementor-widget elementor-widget-advanced-text-block\" data-id=\"06a14e6\" data-element_type=\"widget\" data-e-type=\"widget\" data-widget_type=\"advanced-text-block.default\">\n\t\t\t\t<div class=\"elementor-widget-container\">\n\t\t\t\t\t<div class=\"futurio_extra_adv_text_block \" ><div class=\"text-content-block\"><div class=\"elementor-element elementor-element-dec186d elementor-widget elementor-widget-advanced-text-block\" data-id=\"dec186d\" data-element_type=\"widget\" data-widget_type=\"advanced-text-block.default\"><p><img fetchpriority=\"high\" decoding=\"async\" class=\"alignnone size-medium wp-image-269 alignleft\" src=\"https:\/\/lysgris.dk\/wp-content\/uploads\/2024\/12\/57558633_10218274335467581_5858501104467181568_n-300x297.jpg\" alt=\"\" width=\"300\" height=\"297\" srcset=\"https:\/\/lysgris.dk\/wp-content\/uploads\/2024\/12\/57558633_10218274335467581_5858501104467181568_n-300x297.jpg 300w, https:\/\/lysgris.dk\/wp-content\/uploads\/2024\/12\/57558633_10218274335467581_5858501104467181568_n-150x150.jpg 150w, https:\/\/lysgris.dk\/wp-content\/uploads\/2024\/12\/57558633_10218274335467581_5858501104467181568_n.jpg 728w\" sizes=\"(max-width: 300px) 100vw, 300px\" \/><\/p><div class=\"elementor-widget-container\" style=\"text-align: right\"><div class=\"futurio_extra_adv_text_block \"><div class=\"text-content-block\"><p style=\"text-align: left\">Lysgris.dk startede i 2014 med Andr\u00e9 som indehaver, og siden hen udvidet konstant med nyt lys grej samt lyd, samt med flere hundred bryllupper og fester igennem de sidste mange \u00e5r indtil 2021.<\/p><p style=\"text-align: left\">Grundet sygdom i privaten har der v\u00e6ret et par \u00e5rs pause fra Lysgris.dk indtil nu 2025.<\/p><p style=\"text-align: left\">Som sagt g\u00e5r jeg i Lysgris.dk meget op i alt er perfekt og spiller, samt kunden 100% ved hvem der kommer ud og spiller hos dig, og ikke en vilk\u00e5rlig 16\u00e5rig.<\/p><p style=\"text-align: left\">Lysgris.dk var bla. p\u00e5 den store Bryllup.dk messe i Forum 2018+2019, og havde k\u00e6mpe success.<\/p><p style=\"text-align: left\">Samt p\u00e5 Marienlyst Strandhotel d.12.01.2020 vedr. Bryllupper i Nordsj\u00e6lland\u00b4s messe. Se deres side her klik her:<\/p><p style=\"text-align: left\">Andr\u00e9 yder super prof service fra start til slut.<br \/>G\u00f8r en \u00e6re i at hver eneste arrangement bliver en god fest, efter kundens \u00f8nske.<br \/>Lysgris.dk har stor efterfaring inden for bryllup, f\u00f8dselsdage, konfirmations, firma jobs m.m.<\/p><p style=\"text-align: left\">Hvorfor v\u00e6lge lysgris.dk, og ikke et stort booking firma med X antal djs tilknyttet.?<br \/>Et svar..<br \/>Lysgris.dk leverer hver gang, og har til dags dato ikke meldt fra til et eneste job.<br \/>Ved Lysgris.dk er du 100% sikker p\u00e5 hvem der kommer ud til jeres fest, og ikke en uerfaren \u201d16\u00e5rig\u201d der kommer ud.<br \/>Lysgris.dk s\u00e6tter som sagt stor \u00e6re i at fuldf\u00f8re alle jobs til UG, da netv\u00e6rket betyder meget for mig.<br \/>Samt jeg tager ej flere jobs ind, end hvad jeg kan klarer.<\/p><p style=\"text-align: left\">Hvilket er grunden til jeg har flere kunder der gentagende gange vender tilbage til os..<\/p><p style=\"text-align: left\">Har du sp\u00f8rgsm\u00e5l eller lign, s\u00e5 t\u00f8v ikke med at kontakte DJ Andr\u00e9.<\/p><p style=\"text-align: left\">Med Venlig Hilsen<br \/>Andr\u00e9 \u2013 Indehaver og dj<br \/>Mobil: 31 16 04 99<br \/>Email: <a href=\"mailto:info@lysgris.dk\">info@lysgris.dk<\/a><br \/>Web: <a href=\"http:\/\/www.lysgris.dk\">www.lysgris.dk<\/a><br \/><a href=\"http:\/\/www.facebook.com\/lysgrisdk\">http:\/\/www.facebook.com\/lysgrisdk<\/a><\/p><\/div><\/div><\/div><\/div><\/div><\/div>\t\t\t\t<\/div>\n\t\t\t\t<\/div>\n\t\t\t\t\t<\/div>\n\t\t<\/div>\n\t\t\t\t\t<\/div>\n\t\t<\/section>\n\t\t\t\t<div class=\"elementor-element elementor-element-4cacd1b elementor-widget elementor-widget-spacer\" data-id=\"4cacd1b\" data-element_type=\"widget\" data-e-type=\"widget\" data-widget_type=\"spacer.default\">\n\t\t\t\t<div class=\"elementor-widget-container\">\n\t\t\t\t\t\t\t<div class=\"elementor-spacer\">\n\t\t\t<div class=\"elementor-spacer-inner\"><\/div>\n\t\t<\/div>\n\t\t\t\t\t\t<\/div>\n\t\t\t\t<\/div>\n\t\t\t\t<div class=\"elementor-element elementor-element-d6861f0 elementor-widget elementor-widget-spacer\" data-id=\"d6861f0\" data-element_type=\"widget\" data-e-type=\"widget\" data-widget_type=\"spacer.default\">\n\t\t\t\t<div class=\"elementor-widget-container\">\n\t\t\t\t\t\t\t<div class=\"elementor-spacer\">\n\t\t\t<div class=\"elementor-spacer-inner\"><\/div>\n\t\t<\/div>\n\t\t\t\t\t\t<\/div>\n\t\t\t\t<\/div>\n\t\t\t\t\t<\/div>\n\t\t<\/div>\n\t\t\t\t\t<\/div>\n\t\t<\/section>\n\t\t\t\t<\/div>\n\t\t","protected":false},"excerpt":{"rendered":"<p>Om Lysgris.dk Lysgris.dk startede i 2014 med Andr\u00e9 som indehaver, og siden hen udvidet konstant med nyt lys grej samt lyd, samt med flere hundred bryllupper og fester igennem de sidste mange \u00e5r indtil 2021. Grundet sygdom i privaten har der v\u00e6ret et par \u00e5rs pause fra Lysgris.dk indtil nu 2025. Som sagt g\u00e5r jeg&hellip;<\/p>\n","protected":false},"author":1,"featured_media":0,"parent":0,"menu_order":0,"comment_status":"closed","ping_status":"closed","template":"","meta":{"footnotes":""},"class_list":["post-424","page","type-page","status-publish","hentry"],"_links":{"self":[{"href":"https:\/\/lysgris.dk\/index.php?rest_route=\/wp\/v2\/pages\/424","targetHints":{"allow":["GET"]}}],"collection":[{"href":"https:\/\/lysgris.dk\/index.php?rest_route=\/wp\/v2\/pages"}],"about":[{"href":"https:\/\/lysgris.dk\/index.php?rest_route=\/wp\/v2\/types\/page"}],"author":[{"embeddable":true,"href":"https:\/\/lysgris.dk\/index.php?rest_route=\/wp\/v2\/users\/1"}],"replies":[{"embeddable":true,"href":"https:\/\/lysgris.dk\/index.php?rest_route=%2Fwp%2Fv2%2Fcomments&post=424"}],"version-history":[{"count":7,"href":"https:\/\/lysgris.dk\/index.php?rest_route=\/wp\/v2\/pages\/424\/revisions"}],"predecessor-version":[{"id":470,"href":"https:\/\/lysgris.dk\/index.php?rest_route=\/wp\/v2\/pages\/424\/revisions\/470"}],"wp:attachment":[{"href":"https:\/\/lysgris.dk\/index.php?rest_route=%2Fwp%2Fv2%2Fmedia&parent=424"}],"curies":[{"name":"wp","href":"https:\/\/api.w.org\/{rel}","templated":true}]}}